{"id":302,"date":"2012-10-30T12:40:40","date_gmt":"2012-10-30T12:40:40","guid":{"rendered":"http:\/\/stage.studioperforma.it\/?page_id=302"},"modified":"2017-07-26T15:27:44","modified_gmt":"2017-07-26T15:27:44","slug":"partner","status":"publish","type":"page","link":"https:\/\/studioperforma.it\/it\/partner\/","title":{"rendered":"Partner"},"content":{"rendered":"<p><\/p>\n<h3><strong>Nicola Marzot<\/strong><\/h3>\n<h4>Personale<\/h4>\n<p style=\"text-align: justify;\">Nato: 27 Novembre 1965, Imola (Bologna), Italia.<\/p>\n<p style=\"text-align: justify;\">Sesso: Maschile.<\/p>\n<p style=\"text-align: justify;\">Nazionalit\u00e0: Italiana<\/p>\n<h4>Educazione<\/h4>\n<p style=\"text-align: justify;\">Diploma di scuola superiore (1984), Liceo Scientifico, Bologna; Laurea (1994), Universit\u00e0 di Firenze (Facolt\u00e0 di Architettura), tesi su metodi di indagine per la riabilitazione di edifici storici e gli spazi pubblici in aree storiche di Ferrara, 110\/110 cum laude (Voto massimo); PhD (2000), Universit\u00e0 di Bologna (Facolt\u00e0 di Ingegneria), tesi in metodologie del progetto urbano, Supervisore Prof. Pier Luigi Giordani. PhD (2006 in corso), TU Delft Polytechnic (Facolt\u00e0 di Architettura), tesi in metodologie del progetto architettonico, Supervisore Prof. S.Umberto Barbieri.<\/p>\n<h4>Posizione accademica<\/h4>\n<p style=\"text-align: justify;\">Professore in Composizione Architettonica e Progetto Urbano, Facolt\u00e0 di Architettura (*), Universit\u00e0 di Ferrara, Italia e Responsabile del laboratorio di progettazione, \u201cLaboratorio di Progettazione II B\u201d (* attualmente classificata la migliore a livello nazionale in Italia).<\/p>\n<h4>Precedenti esperienze<\/h4>\n<p style=\"text-align: justify;\">Docente a contratto, Universit\u00e0 di Ferrara, Facolt\u00e0 di Architettura (1995\/96-1996\/97-1997\/98-2001\/02-2002\/03), insegnamento di \u201cAnalisi della morfologia urbana e delle tipologie edilizie\u201d; Docente a contratto, Universit\u00e0 di Firenze, Facolt\u00e0 di Architettura (1997\/98), insegnamento di \u201cTeorie della ricerca architettonica contemporanea\u201d; Docente a contratto, Universit\u00e0 di Firenze, Facolt\u00e0 di Architettura (1998\/99), insegnamento di \u201cCaratteri tipologici e morfologici dell\u2019architettura\u201d; Docente a contratto, Universit\u00e0 di Bologna, Facolt\u00e0 di Ingegneria (2000\/01-2001\/02-2002\/03), insegnamento di \u201cTecnica Urbanistica\u201d e Responsabile del Laboratorio \u201cTecnica Urbanistica I\u201d. Corso di Master: Facolt\u00e0 di Architettura di Ferrara, \u201cCity Manager\u201d (1996\/97-1997\/98), \u201cRiqualificazione Urbana\u201d (2002\/03); Facolt\u00e0 di Ingegneria di Padova, \u201cCorso di Perfezionamento in Ingegneria del Territorio \u201d (1997\/98-1998\/99-1999\/2000-2000\/01-2001\/02) e \u201cEcologia Umana\u201d (1998\/99-1999\/2000).<\/p>\n<h4><strong><\/strong> Visiting Positions<\/h4>\n<p style=\"text-align: justify;\"><strong><\/strong>Visiting Professor in Architettura, Universit\u00e0 di Hosei, Tokyo, Giappone (2003-04), invitato dal Professor Hidenobu Jinnai; Visiting Professor in Ingegneria, Universit\u00e0 di Lund, Svezia (2004-05), invitato dal Professor G\u00f6ran Sandberg. Visiting Professor in Architettura, TU Delft Polytechnic, Delft, Olanda, (2006-2010 in corso), invitato dal Professor Umberto Barbieri.<\/p>\n<h4><strong><\/strong> Attivit\u00e0 Istituzionale<\/h4>\n<p style=\"text-align: justify;\">Responsabile della Pianificazione Urbana, Osservatorio Immobiliare di Nomisma Real Estate. Consulente della amministrazione pubblica regionale (Regione Emilia-Romagna, Citt\u00e0 di Bologna, Comune di Reggio Emilia, Argelato, Castel Maggiore, Padova, Firenze, Milano e Verona) e istituzioni private (OIKOS e NOMISMA Spa) sulle tematiche di progetti di pianificazione urbana e progetto urbano; Membro del Council of the International Seminar on Urban Form (2005 in corso); Segretario Generale del International Seminar on Urban Form (2006 in corso); Curatore del Padiglione Italiano alla 10\u00b0 Biennale di Architettura di Venezia, con Franco Purini, Livio Sacchi e Margherita Petranzan (2006).<\/p>\n<h3 style=\"text-align: justify;\"><span style=\"color: #ffffff;\">l<\/span><\/h3>\n<h3 style=\"text-align: justify;\">Luca Righetti<\/h3>\n<h4>Personale<\/h4>\n<p>Nato: 15 Gennaio 1964, Bologna, Italia. Sesso: Maschile Nazionalit\u00e0: Italiana<\/p>\n<h4>Educazione<\/h4>\n<p style=\"text-align: justify;\">Diploma di scuola superiore (1983), Liceo Scientifico, Bologna; Laurea (1993), Universit\u00e0 di Firenze (Facolt\u00e0 di Architettura), tesi in analisi e consolidamento strutturale di un Ponte in pietra Romano nel fiume Taro a Parma, Italia, 110\/110 cum laude (Voto massimo).<\/p>\n<h4>Attivit\u00e0 Istituzionale<\/h4>\n<p style=\"text-align: justify;\">Membro della Commissione Edilizia del Comune di Pianoro, Bologna (1999-2010). Consulente di Intesa San Paolo Spa per la regione Emilia-Romagna per la rete di agenzie (2005-2009). Consulente dell'impresa di Costruzione Basileus Spa (1996-2003). Consulente dell'impresa di Costruzione Ernesto Frabboni Spa ( 1996-2003).<\/p>\n<p><\/p>","protected":false},"excerpt":{"rendered":"<p>Nicola Marzot Personale Nato: 27 Novembre 1965, Imola (Bologna), Italia. Sesso: Maschile. Nazionalit\u00e0: Italiana Educazione Diploma di scuola superiore (1984), Liceo Scientifico, Bologna; Laurea (1994), Universit\u00e0 di Firenze (Facolt\u00e0 di Architettura), tesi su metodi di indagine per la riabilitazione di edifici storici e gli spazi pubblici in aree storiche di Ferrara, 110\/110 cum laude (Voto [&hellip;]<\/p>\n","protected":false},"author":1,"featured_media":803,"parent":0,"menu_order":0,"comment_status":"closed","ping_status":"closed","template":"","meta":{"_acf_changed":false,"footnotes":""},"class_list":["post-302","page","type-page","status-publish","has-post-thumbnail","hentry"],"acf":[],"_links":{"self":[{"href":"https:\/\/studioperforma.it\/it\/wp-json\/wp\/v2\/pages\/302"}],"collection":[{"href":"https:\/\/studioperforma.it\/it\/wp-json\/wp\/v2\/pages"}],"about":[{"href":"https:\/\/studioperforma.it\/it\/wp-json\/wp\/v2\/types\/page"}],"author":[{"embeddable":true,"href":"https:\/\/studioperforma.it\/it\/wp-json\/wp\/v2\/users\/1"}],"replies":[{"embeddable":true,"href":"https:\/\/studioperforma.it\/it\/wp-json\/wp\/v2\/comments?post=302"}],"version-history":[{"count":52,"href":"https:\/\/studioperforma.it\/it\/wp-json\/wp\/v2\/pages\/302\/revisions"}],"predecessor-version":[{"id":476,"href":"https:\/\/studioperforma.it\/it\/wp-json\/wp\/v2\/pages\/302\/revisions\/476"}],"wp:featuredmedia":[{"embeddable":true,"href":"https:\/\/studioperforma.it\/it\/wp-json\/wp\/v2\/media\/803"}],"wp:attachment":[{"href":"https:\/\/studioperforma.it\/it\/wp-json\/wp\/v2\/media?parent=302"}],"curies":[{"name":"wp","href":"https:\/\/api.w.org\/{rel}","templated":true}]}}