{"id":1679,"date":"2017-07-25T10:16:34","date_gmt":"2017-07-25T10:16:34","guid":{"rendered":"http:\/\/studioperforma.it\/?page_id=1679"},"modified":"2023-12-06T11:47:49","modified_gmt":"2023-12-06T11:47:49","slug":"usi-temporanei_-ricerca","status":"publish","type":"page","link":"https:\/\/studioperforma.it\/it\/usi-temporanei_-ricerca\/","title":{"rendered":"Attivit\u00e0 di ricerca"},"content":{"rendered":"<p><strong>Usi temporanei<\/strong><\/p>\n<p style=\"text-align: justify;\">La crisi economico finanziaria che ha investito il mercato immobiliare a partire dal 2007 ha comportato un radicale ripensamento degli strumenti di gestione della trasformazione del territorio. In particolare il Piano, nelle sue diverse declinazioni temporali e scalari, si \u00e8 rivelato del tutto inadeguato ad affrontare le condizioni eccezionali che la crisi stessa ha generato. Non si tratta tuttavia della semplice necessit\u00e0 di rivedere i valori socio-economici di cui ogni piano, in termini generali, \u00e8 rappresentazione operante, ma di ripensare in profondit\u00e0 la struttura logica del Piano stesso e la sua ancora evidente \u201ceredit\u00e0\u201d Moderna. Il Piano Urbanistico, nonostante il continuo processo di adattamento alle modificate \u201ccondizioni al contorno\u201d, non ha mai messo in discussione le proprie \u201ccondizioni di validit\u00e0\u201d. Attraverso il cosiddetto Regime di Salvaguardia, che tutela le previsioni dello strumento di governo durante la relativa fase di revisione, ovvero nel delicato intervallo di \u201cvacanza\u201d che si istituisce tra l\u2019adozione e l\u2019approvazione di un strumento adeguato ai tempi nuovi, determina una seria quanto implicita ipoteca sul patrimonio immobiliare esistente. In particolare ci si riferisce a quegli immobili che, perduta l\u2019originaria vocazione funzionale e il corrispondente ruolo urbano, legittimato dal piano prima e delegittimato dalla crisi poi, si potrebbero prestare ad una sperimentazione integrale, tanto nelle forme quanto nei comportamenti. L\u2019incidenza quantitativa di questi ultimi, per effetto del perdurare della crisi stessa, fa emergere il problema in tutte le sue implicazioni. Edifici vacanti e aree in attesa di valorizzazione, che si presterebbero a diventare dei laboratori reali di sperimentazione di nuove pratiche, per immaginare modelli inediti di architettura della citt\u00e0, vengono in tal modo privati della possibilit\u00e0 di essere temporaneamente impiegati a tale scopo e, di fatto, esclusi da ogni forma di partecipazione attiva di soggetti emergenti, decisi a rivendicare un ruolo in tale processo di sperimentazione. A partire dal 2012 lo Studio Performa A+U si \u00e8 pertanto sempre pi\u00f9 impegnato sul tema degli usi temporanei, di cui ha riconosciuto lo straordinario potenziale, sviluppandone tutte le possibili implicazioni, attraverso esperienze di progetto, partecipazione a convegni e seminari, promozione di attivit\u00e0 istituzionali ed editoriali. Questo profilo curriculare, ovviamente in progress, viene sinteticamente delineato nelle pagine che seguono, allo scopo di candidare lo Studio a supportare il cliente in una eventuale fase di autentica sperimentazione sulla materia urbana.<\/p>\n<p><a href=\"http:\/\/studioperforma.it\/wp-content\/uploads\/2023\/12\/Portfolio-Usi-Temporanei_ita-agg-06.12.2023.pdf\">Portfolio Usi Temporanei<\/a> (IT)<\/p>","protected":false},"excerpt":{"rendered":"<p>Usi temporanei La crisi economico finanziaria che ha investito il mercato immobiliare a partire dal 2007 ha comportato un radicale ripensamento degli strumenti di gestione della trasformazione del territorio. In particolare il Piano, nelle sue diverse declinazioni temporali e scalari, si \u00e8 rivelato del tutto inadeguato ad affrontare le condizioni eccezionali che la crisi stessa [&hellip;]<\/p>\n","protected":false},"author":1,"featured_media":1546,"parent":0,"menu_order":0,"comment_status":"closed","ping_status":"closed","template":"","meta":{"_acf_changed":false,"footnotes":""},"class_list":["post-1679","page","type-page","status-publish","has-post-thumbnail","hentry"],"acf":[],"_links":{"self":[{"href":"https:\/\/studioperforma.it\/it\/wp-json\/wp\/v2\/pages\/1679"}],"collection":[{"href":"https:\/\/studioperforma.it\/it\/wp-json\/wp\/v2\/pages"}],"about":[{"href":"https:\/\/studioperforma.it\/it\/wp-json\/wp\/v2\/types\/page"}],"author":[{"embeddable":true,"href":"https:\/\/studioperforma.it\/it\/wp-json\/wp\/v2\/users\/1"}],"replies":[{"embeddable":true,"href":"https:\/\/studioperforma.it\/it\/wp-json\/wp\/v2\/comments?post=1679"}],"version-history":[{"count":27,"href":"https:\/\/studioperforma.it\/it\/wp-json\/wp\/v2\/pages\/1679\/revisions"}],"predecessor-version":[{"id":2394,"href":"https:\/\/studioperforma.it\/it\/wp-json\/wp\/v2\/pages\/1679\/revisions\/2394"}],"wp:featuredmedia":[{"embeddable":true,"href":"https:\/\/studioperforma.it\/it\/wp-json\/wp\/v2\/media\/1546"}],"wp:attachment":[{"href":"https:\/\/studioperforma.it\/it\/wp-json\/wp\/v2\/media?parent=1679"}],"curies":[{"name":"wp","href":"https:\/\/api.w.org\/{rel}","templated":true}]}}