{"id":1496,"date":"2017-07-18T14:53:28","date_gmt":"2017-07-18T14:53:28","guid":{"rendered":"http:\/\/studioperforma.it\/?page_id=1496"},"modified":"2017-07-26T14:40:02","modified_gmt":"2017-07-26T14:40:02","slug":"team-2","status":"publish","type":"page","link":"https:\/\/studioperforma.it\/it\/team-2\/","title":{"rendered":"Portfolio"},"content":{"rendered":"<p><\/p>\n<p style=\"text-align: justify;\">Nicola Marzot e Luca Righetti sono senior partners dello studio PERFORMA A+U. Svolgono la loro attivit\u00e0 professionale nel campo della progettazione e della consulenza, sia a livello individuale che in collaborazione con altri gruppi. Nonostante il loro coinvolgimento in tutte le fasi nel processo di progettazione architettonica, da quella di concept a quella esecutiva, l'attivit\u00e0 si specializza principalmente nella progettazione urbana, nella valutazione delle trasformazioni urbane e nelle strategie di sviluppo e valorizzazione con specifico riferimento ai programmi funzionali complessi di riqualificazione urbana e territoriale, sostenuti sia da attori pubblici che privati. Una parte consistente dell'attivit\u00e0 di studio \u00e8 svolta per conto di amministrazioni locali, rivolta principalmente alla definizione e al coordinamento dei diversi partner coinvolti nello sviluppo di processi di Real Estate, spesso partecipando a pubbliche strategie di pianificazione e verifiche di fattibilit\u00e0 tecnica. Questa attivit\u00e0 \u00e8 promossa attraverso azioni di marketing urbano e territoriale, valutazione delle ricadute finanziarie dei progetti, proposte di progettazione urbana, studi di mix funzionale e definizione di regole insediative. Hanno vinto diversi concorsi relativi a studi di fattibilit\u00e0 per Societ\u00e0 di Trasformazione Urbana, in collaborazione con importanti istituti di ricerca, multinazionali e societ\u00e0 di consulenza. Svolgono inoltre attivit\u00e0 editoriali per prestigiose riviste internazionali di progettazione architettonica e urbana.<\/p>\n<p><img loading=\"lazy\" decoding=\"async\" title=\"Copertina\" src=\"http:\/\/studioperforma.it\/wp-content\/uploads\/2017\/07\/Copertina-150x150.jpg\" alt=\"\" width=\"150\" height=\"150\" \/>\u00a0\u00a0\u00a0<a href=\"http:\/\/studioperforma.it\/wp-content\/uploads\/2017\/07\/Porfolio-Performa-2017_ita.pdf\">Portfolio\u00a0Download\u00a0<\/a>(IT)<\/p>","protected":false},"excerpt":{"rendered":"<p>Nicola Marzot e Luca Righetti sono senior partners dello studio PERFORMA A+U. Svolgono la loro attivit\u00e0 professionale nel campo della progettazione e della consulenza, sia a livello individuale che in collaborazione con altri gruppi. Nonostante il loro coinvolgimento in tutte le fasi nel processo di progettazione architettonica, da quella di concept a quella esecutiva, l&#8217;attivit\u00e0 [&hellip;]<\/p>\n","protected":false},"author":1,"featured_media":0,"parent":0,"menu_order":0,"comment_status":"closed","ping_status":"closed","template":"","meta":{"_acf_changed":false,"footnotes":""},"class_list":["post-1496","page","type-page","status-publish","hentry"],"acf":[],"_links":{"self":[{"href":"https:\/\/studioperforma.it\/it\/wp-json\/wp\/v2\/pages\/1496"}],"collection":[{"href":"https:\/\/studioperforma.it\/it\/wp-json\/wp\/v2\/pages"}],"about":[{"href":"https:\/\/studioperforma.it\/it\/wp-json\/wp\/v2\/types\/page"}],"author":[{"embeddable":true,"href":"https:\/\/studioperforma.it\/it\/wp-json\/wp\/v2\/users\/1"}],"replies":[{"embeddable":true,"href":"https:\/\/studioperforma.it\/it\/wp-json\/wp\/v2\/comments?post=1496"}],"version-history":[{"count":58,"href":"https:\/\/studioperforma.it\/it\/wp-json\/wp\/v2\/pages\/1496\/revisions"}],"predecessor-version":[{"id":1499,"href":"https:\/\/studioperforma.it\/it\/wp-json\/wp\/v2\/pages\/1496\/revisions\/1499"}],"wp:attachment":[{"href":"https:\/\/studioperforma.it\/it\/wp-json\/wp\/v2\/media?parent=1496"}],"curies":[{"name":"wp","href":"https:\/\/api.w.org\/{rel}","templated":true}]}}